{"id":8350,"date":"2009-06-16T17:23:46","date_gmt":"2009-06-16T13:23:46","guid":{"rendered":"http:\/\/trebarnslandet.se\/?page_id=2"},"modified":"2010-10-05T10:58:31","modified_gmt":"2010-10-05T08:58:31","slug":"about-2","status":"publish","type":"page","link":"https:\/\/trebarnslandet.se\/?page_id=8350","title":{"rendered":"Lite mer om mig&#8230;"},"content":{"rendered":"<p style=\"text-align: left;\"><span style=\"font-family: book antiqua,palatino;\"><span style=\"font-size: x-small;\"><span style=\"font-family: comic sans ms,sans-serif;\"><span style=\"font-size: small;\"><span style=\"font-family: verdana,geneva;\"><span style=\"font-size: x-small;\"><span style=\"font-size: small;\"><strong><span style=\"font-size: medium;\"><a href=\"https:\/\/trebarnslandet.se\/wp-content\/uploads\/2009\/06\/028web.jpg\"><\/a><\/span><\/strong><\/span><\/span><\/span><\/span><\/span><\/span><\/span><\/p>\n<p style=\"text-align: left;\">\n<div style=\"text-align: left;\"><span style=\"font-size: small;\"><span style=\"font-family: book antiqua,palatino;\"><span style=\"font-family: comic sans ms,sans-serif;\"><span style=\"font-family: verdana,geneva;\"><a href=\"https:\/\/trebarnslandet.se\/wp-content\/uploads\/2009\/06\/IMG_8612.jpg\"><img loading=\"lazy\" decoding=\"async\" class=\"alignleft size-full wp-image-7035\" title=\"IMG_8612\" src=\"https:\/\/trebarnslandet.se\/wp-content\/uploads\/2009\/06\/IMG_8612.jpg\" alt=\"\" width=\"286\" height=\"335\" \/><\/a>Jag \u00e4r en glad, konstn\u00e4rlig<strong> <\/strong>tjej p\u00e5 33 \u00e5r som \u00e4r gift och bloggar om min tro och om livet med tre underbara barn, Sessan 9, Prinsen\u00a0som nyss fyllt 4\u00a0och Lillprinsen som f\u00f6ddes i dec 2008. <\/span><\/span><\/span><span style=\"font-family: book antiqua,palatino;\"><span style=\"font-family: comic sans ms,sans-serif;\"><span style=\"font-family: verdana,geneva;\"><strong><br \/>\n<\/strong><strong><br \/>\n<\/strong>H\u00e4r p\u00e5 Trebarnslandet\u00a0kan du f\u00f6lja v\u00e5rt liv p\u00e5 den sk\u00e5nska landsbyggden.\u00a0Du\u00a0kan\u00a0ta del mina egna foton, bilder och filmer.<br \/>\nMin blogg handlar mestadels om<strong> <\/strong>mammalivet och vad det inneb\u00e4r, fr\u00e5n t\u00e5rar till skratt.\ufffd<br \/>\nJag f\u00f6rs\u00f6ker att dela med mig av\u00a0alla vardagens sm\u00e5 guldkorn! Just nu \u00e4r jag hemma hos mina barn p\u00e5 heltid,\u00a0samtidigt som\u00a0jag fotograferar, \u00a0m\u00e5lar akvareller och m\u00e5lar p\u00e5 glas.<\/span><\/span><\/span><\/span><\/div>\n<div><span style=\"font-size: small;\"><span style=\"font-family: book antiqua,palatino;\"><span style=\"font-family: comic sans ms,sans-serif;\"><span style=\"font-family: verdana,geneva;\"> <\/span><\/span><\/span><\/span><\/div>\n<p><span style=\"font-size: small;\"><span style=\"font-family: book antiqua,palatino;\"><span style=\"font-family: comic sans ms,sans-serif;\"><span style=\"font-family: verdana,geneva;\">Jag bloggar inte bara om livet med tre h\u00e4rliga ungar, utan \u00e4ven om en hel del sport och musik.\u00a0 Det kan \u00e4ven smyga sig in ett och annat politiskt inl\u00e4gg.<\/span><\/span><\/span><\/span><\/p>\n<p><span style=\"font-family: verdana,geneva;\"><span style=\"font-size: small;\"> 2006 b\u00f6rjade jag blogga och har under l\u00e5ng tid bloggat p\u00e5 Aftonbladet och sedan p\u00e5 min egen dom\u00e4n mammabloggen.com, men har nu har jag bytt till Trebarnslandet.se<\/span><\/span><\/p>\n<p style=\"text-align: left;\"><span style=\"font-size: small;\"><span style=\"font-family: book antiqua,palatino;\"><span style=\"font-family: verdana,geneva;\">\/\/\u00a0<em>Ingela &#8221;Liv&#8221;<\/em><\/span><\/span><\/span><\/p>\n<div style=\"text-align: left;\"><span style=\"font-family: book antiqua,palatino;\"><span style=\"font-size: small;\"><span style=\"font-family: comic sans ms,sans-serif;\"><span style=\"font-size: x-small;\"> <\/span><\/span><\/span><\/span><\/div>\n<div><span style=\"font-family: book antiqua,palatino;\"><span style=\"font-size: small;\"><span style=\"font-family: comic sans ms,sans-serif;\"><span style=\"font-size: x-small;\"> <\/span><\/span><\/span><\/span><\/div>\n<p><img loading=\"lazy\" decoding=\"async\" class=\"size-full wp-image-476 alignnone\" title=\"kv\u00e4ll09\" src=\"https:\/\/trebarnslandet.se\/wp-content\/uploads\/2009\/09\/kv\u00e4ll09.jpg\" alt=\"kv\u00e4ll09\" width=\"500\" height=\"500\" \/><span style=\"font-family: comic sans ms,sans-serif;\"><span style=\"font-size: small;\"> <\/span><span style=\"font-size: small;\"><br \/>\nMin ungar som har spring i bena en sommarkv\u00e4ll i juli&#8230;<br \/>\n<\/span><\/span><br \/>\n<img loading=\"lazy\" decoding=\"async\" class=\"alignnone\" title=\"omkrets\" src=\"https:\/\/trebarnslandet.se\/wp-content\/uploads\/2009\/09\/omkrets.jpg\" alt=\"omkrets\" width=\"607\" height=\"607\" \/><br \/>\nV\u00e5r omgivning&#8230;<\/p>\n","protected":false},"excerpt":{"rendered":"<p>Jag \u00e4r en glad, konstn\u00e4rlig tjej p\u00e5 33 \u00e5r som \u00e4r gift och bloggar om min tro och om livet med tre underbara barn, Sessan 9, Prinsen\u00a0som nyss fyllt 4\u00a0och Lillprinsen som f\u00f6ddes i dec 2008. H\u00e4r p\u00e5 Trebarnslandet\u00a0kan du &hellip; <a href=\"https:\/\/trebarnslandet.se\/?page_id=8350\">Forts\u00e4tt l\u00e4sa <span class=\"meta-nav\">&rarr;<\/span><\/a><\/p>\n","protected":false},"author":2,"featured_media":0,"parent":0,"menu_order":0,"comment_status":"open","ping_status":"open","template":"","meta":{"footnotes":""},"aioseo_notices":[],"_links":{"self":[{"href":"https:\/\/trebarnslandet.se\/index.php?rest_route=\/wp\/v2\/pages\/8350"}],"collection":[{"href":"https:\/\/trebarnslandet.se\/index.php?rest_route=\/wp\/v2\/pages"}],"about":[{"href":"https:\/\/trebarnslandet.se\/index.php?rest_route=\/wp\/v2\/types\/page"}],"author":[{"embeddable":true,"href":"https:\/\/trebarnslandet.se\/index.php?rest_route=\/wp\/v2\/users\/2"}],"replies":[{"embeddable":true,"href":"https:\/\/trebarnslandet.se\/index.php?rest_route=%2Fwp%2Fv2%2Fcomments&post=8350"}],"version-history":[{"count":4,"href":"https:\/\/trebarnslandet.se\/index.php?rest_route=\/wp\/v2\/pages\/8350\/revisions"}],"predecessor-version":[{"id":9425,"href":"https:\/\/trebarnslandet.se\/index.php?rest_route=\/wp\/v2\/pages\/8350\/revisions\/9425"}],"wp:attachment":[{"href":"https:\/\/trebarnslandet.se\/index.php?rest_route=%2Fwp%2Fv2%2Fmedia&parent=8350"}],"curies":[{"name":"wp","href":"https:\/\/api.w.org\/{rel}","templated":true}]}}